{"id":311831,"date":"2021-05-31T16:57:22","date_gmt":"2021-05-31T14:57:22","guid":{"rendered":"https:\/\/greenowl.fr\/blog\/?page_id=311831"},"modified":"2024-07-09T12:21:40","modified_gmt":"2024-07-09T10:21:40","slug":"contact","status":"publish","type":"page","link":"https:\/\/greenowl.fr\/blog\/contact\/","title":{"rendered":"Contact"},"content":{"rendered":"<div class=\"container section-title-container\" ><h1 class=\"section-title section-title-normal\"><b><\/b><span class=\"section-title-main\" >contact<\/span><b><\/b><\/h1><\/div>\n<p>Pour toute proposition de partenariat \u00e9ditorial, suggestion d&#8217;article ou pour pr\u00e9senter votre activit\u00e9 li\u00e9e au chanvre bien-\u00eatre, n&#8217;h\u00e9sitez \u00e0 nous contacter.<\/p>\n<div class=\"row\"  id=\"row-468816632\">\n\n\t<div id=\"col-762673415\" class=\"col medium-8 small-12 large-8\"  >\n\t\t<div class=\"col-inner\"  >\n\t\t\t\n\t\t\t\n\n<div class=\"wpcf7 no-js\" id=\"wpcf7-f311830-o1\" lang=\"fr-FR\" dir=\"ltr\">\n<div class=\"screen-reader-response\"><p role=\"status\" aria-live=\"polite\" aria-atomic=\"true\"><\/p> <ul><\/ul><\/div>\n<form action=\"\/blog\/wp-json\/wp\/v2\/pages\/311831#wpcf7-f311830-o1\" method=\"post\" class=\"wpcf7-form init\" aria-label=\"Formulaire de contact\" novalidate=\"novalidate\" data-status=\"init\">\n<div style=\"display: none;\">\n<input type=\"hidden\" name=\"_wpcf7\" value=\"311830\" \/>\n<input type=\"hidden\" name=\"_wpcf7_version\" value=\"5.9\" \/>\n<input type=\"hidden\" name=\"_wpcf7_locale\" value=\"fr_FR\" \/>\n<input type=\"hidden\" name=\"_wpcf7_unit_tag\" value=\"wpcf7-f311830-o1\" \/>\n<input type=\"hidden\" name=\"_wpcf7_container_post\" value=\"0\" \/>\n<input type=\"hidden\" name=\"_wpcf7_posted_data_hash\" value=\"\" \/>\n<\/div>\n<p><label> Votre nom<br \/>\n<span class=\"wpcf7-form-control-wrap\" data-name=\"your-name\"><input size=\"40\" class=\"wpcf7-form-control wpcf7-text wpcf7-validates-as-required\" aria-required=\"true\" aria-invalid=\"false\" value=\"\" type=\"text\" name=\"your-name\" \/><\/span> <\/label>\n<\/p>\n<p><label> Votre e-mail<br \/>\n<span class=\"wpcf7-form-control-wrap\" data-name=\"your-email\"><input size=\"40\" class=\"wpcf7-form-control wpcf7-email wpcf7-validates-as-required wpcf7-text wpcf7-validates-as-email\" aria-required=\"true\" aria-invalid=\"false\" value=\"\" type=\"email\" name=\"your-email\" \/><\/span> <\/label>\n<\/p>\n<p><label> Objet<br \/>\n<span class=\"wpcf7-form-control-wrap\" data-name=\"your-subject\"><input size=\"40\" class=\"wpcf7-form-control wpcf7-text wpcf7-validates-as-required\" aria-required=\"true\" aria-invalid=\"false\" value=\"\" type=\"text\" name=\"your-subject\" \/><\/span> <\/label>\n<\/p>\n<p><label> Votre message (facultatif)<br \/>\n<span class=\"wpcf7-form-control-wrap\" data-name=\"your-message\"><textarea cols=\"40\" rows=\"10\" class=\"wpcf7-form-control wpcf7-textarea\" aria-invalid=\"false\" name=\"your-message\"><\/textarea><\/span> <\/label>\n<\/p>\n<p><input class=\"wpcf7-form-control wpcf7-submit has-spinner\" type=\"submit\" value=\"Envoyer\" \/>\n<\/p><div class=\"wpcf7-response-output\" aria-hidden=\"true\"><\/div>\n<\/form>\n<\/div>\n\n\t\t<\/div>\n\t\t\t<\/div>\n\n\t\n\n\t<div id=\"col-357341281\" class=\"col medium-4 small-12 large-4\"  >\n\t\t<div class=\"col-inner\"  >\n\t\t\t\n\t\t\t\n<p>Vous pouvez \u00e9galement nous retrouver sur les r\u00e9seaux sociaux :<\/p>\n\t<div id=\"gap-1372717778\" class=\"gap-element clearfix\" style=\"display:block; height:auto;\">\n\t\t\n<style>\n#gap-1372717778 {\n  padding-top: 40px;\n}\n<\/style>\n\t<\/div>\n\t\n<div class=\"social-icons follow-icons full-width text-center\" ><a href=\"http:\/\/url\" target=\"_blank\" data-label=\"Facebook\"  rel=\"noopener noreferrer nofollow\" class=\"icon button circle is-outline facebook tooltip\" title=\"Nous suivre sur Facebook\"><i class=\"icon-facebook\" ><\/i><\/a><a href=\"http:\/\/url\" target=\"_blank\" rel=\"noopener noreferrer nofollow\" data-label=\"Instagram\" class=\"icon button circle is-outline  instagram tooltip\" title=\"Nous suivre sur Instagram\"><i class=\"icon-instagram\" ><\/i><\/a><a href=\"http:\/\/url\" target=\"_blank\"  data-label=\"Twitter\"  rel=\"noopener noreferrer nofollow\" class=\"icon button circle is-outline  twitter tooltip\" title=\"Nous suivre sur Twitter\"><i class=\"icon-twitter\" ><\/i><\/a><a href=\"mailto:your@email\" data-label=\"E-mail\"  rel=\"nofollow\" class=\"icon button circle is-outline  email tooltip\" title=\"Nous envoyer un email\"><i class=\"icon-envelop\" ><\/i><\/a><\/div>\n\t\t<\/div>\n\t\t\t<\/div>\n\n\t\n<\/div>\n<p>&nbsp;<\/p>\n<p><a title=\"https:\/\/top-cbd.eu\" href=\"https:\/\/top-cbd.eu\/\" target=\"_blank\" rel=\"noopener\">Top CBD<\/a><\/p>\n","protected":false},"excerpt":{"rendered":"<p>Pour toute proposition de partenariat \u00e9ditorial, suggestion d&#8217;article ou pour pr\u00e9senter votre activit\u00e9 li\u00e9e au chanvre bien-\u00eatre, n&#8217;h\u00e9sitez \u00e0 nous contacter. &nbsp; Top CBD<\/p>\n","protected":false},"author":2,"featured_media":0,"parent":0,"menu_order":0,"comment_status":"closed","ping_status":"closed","template":"","meta":{"inline_featured_image":false,"footnotes":""},"class_list":["post-311831","page","type-page","status-publish","hentry"],"_links":{"self":[{"href":"https:\/\/greenowl.fr\/blog\/wp-json\/wp\/v2\/pages\/311831","targetHints":{"allow":["GET"]}}],"collection":[{"href":"https:\/\/greenowl.fr\/blog\/wp-json\/wp\/v2\/pages"}],"about":[{"href":"https:\/\/greenowl.fr\/blog\/wp-json\/wp\/v2\/types\/page"}],"author":[{"embeddable":true,"href":"https:\/\/greenowl.fr\/blog\/wp-json\/wp\/v2\/users\/2"}],"replies":[{"embeddable":true,"href":"https:\/\/greenowl.fr\/blog\/wp-json\/wp\/v2\/comments?post=311831"}],"version-history":[{"count":8,"href":"https:\/\/greenowl.fr\/blog\/wp-json\/wp\/v2\/pages\/311831\/revisions"}],"predecessor-version":[{"id":313744,"href":"https:\/\/greenowl.fr\/blog\/wp-json\/wp\/v2\/pages\/311831\/revisions\/313744"}],"wp:attachment":[{"href":"https:\/\/greenowl.fr\/blog\/wp-json\/wp\/v2\/media?parent=311831"}],"curies":[{"name":"wp","href":"https:\/\/api.w.org\/{rel}","templated":true}]}}